{"id":16083,"date":"2025-08-09T22:24:48","date_gmt":"2025-08-09T20:24:48","guid":{"rendered":"https:\/\/ezshopping.store\/?post_type=product&#038;p=16083"},"modified":"2026-05-01T22:05:37","modified_gmt":"2026-05-01T20:05:37","slug":"franela-blanca-con-estampado-de-abeja","status":"publish","type":"product","link":"https:\/\/ezshopping.store\/index.php\/producto\/franela-blanca-con-estampado-de-abeja\/","title":{"rendered":"Franela blanca con Estampado de Abeja"},"content":{"rendered":"<p>Nuestra franela con estampado de abeja combina estilo y comodidad. Fabricada en 100% algod\u00f3n peinado para m\u00e1xima suavidad y durabilidad. El estampado digital de alta calidad garantiza colores vivos que resisten m\u00faltiples lavadas. Perfecta para uso diario o para destacar en eventos casuales. Disponible en varias tallas.<\/p>\n","protected":false},"excerpt":{"rendered":"<p>Nuestra franela con estampado de abeja combina estilo y comodidad. Fabricada en 100% algod\u00f3n peinado para m\u00e1xima suavidad y durabilidad. El estampado digital de alta calidad garantiza colores vivos que resisten m\u00faltiples lavadas. Perfecta para uso diario o para destacar en eventos casuales. Disponible en varias tallas.<\/p>\n<h3 data-start=\"1124\" data-end=\"1170\"><strong data-start=\"1128\" data-end=\"1170\">Caracter\u00edsticas t\u00e9cnicas<\/strong><\/h3>\n<ul data-start=\"1171\" data-end=\"1479\">\n<li data-start=\"1171\" data-end=\"1201\">\n<p data-start=\"1173\" data-end=\"1201\"><strong data-start=\"1173\" data-end=\"1186\">Material:<\/strong> 100% algod\u00f3n<\/p>\n<\/li>\n<li data-start=\"1202\" data-end=\"1269\">\n<p data-start=\"1204\" data-end=\"1269\"><strong data-start=\"1204\" data-end=\"1226\">Tipo de estampado:<\/strong> Digital \/ Serigraf\u00eda (seg\u00fan corresponda)<\/p>\n<\/li>\n<li data-start=\"1270\" data-end=\"1318\">\n<p data-start=\"1272\" data-end=\"1318\"><strong data-start=\"1272\" data-end=\"1296\">Colores disponibles:<\/strong> blanco,<\/p>\n<\/li>\n<li data-start=\"1319\" data-end=\"1351\">\n<p data-start=\"1321\" data-end=\"1351\"><strong data-start=\"1321\" data-end=\"1332\">Tallas:<\/strong> S, M, L, XL<\/p>\n<\/li>\n<li data-start=\"1352\" data-end=\"1385\">\n<p data-start=\"1354\" data-end=\"1385\"><strong data-start=\"1354\" data-end=\"1364\">Corte:<\/strong> Regular<\/p>\n<\/li>\n<li data-start=\"1386\" data-end=\"1479\">\n<p data-start=\"1388\" data-end=\"1479\"><strong data-start=\"1388\" data-end=\"1401\">Cuidados:<\/strong> Lavar a mano o m\u00e1quina en agua fr\u00eda, no usar cloro, planchar por el reverso<\/p>\n<\/li>\n<\/ul>\n<h3 data-start=\"1486\" data-end=\"1518\"><strong data-start=\"1490\" data-end=\"1518\">5. Beneficios destacados<\/strong><\/h3>\n<ul data-start=\"1519\" data-end=\"1692\">\n<li data-start=\"1519\" data-end=\"1561\">\n<p data-start=\"1521\" data-end=\"1561\">Te diferencian y persuaden.<br data-start=\"1548\" data-end=\"1551\" \/>Ejemplo:<\/p>\n<\/li>\n<li data-start=\"1562\" data-end=\"1591\">\n<p data-start=\"1564\" data-end=\"1591\">Tela suave y transpirable<\/p>\n<\/li>\n<li data-start=\"1592\" data-end=\"1625\">\n<p data-start=\"1594\" data-end=\"1625\">No pierde color con el lavado<\/p>\n<\/li>\n<li data-start=\"1626\" data-end=\"1657\">\n<p data-start=\"1628\" data-end=\"1657\">Dise\u00f1o original y exclusivo<\/p>\n<\/li>\n<li data-start=\"1658\" data-end=\"1692\">\n<p data-start=\"1660\" data-end=\"1692\">Ideal para uso casual o regalo<\/p>\n<\/li>\n<\/ul>\n","protected":false},"featured_media":16084,"comment_status":"open","ping_status":"closed","template":"","meta":[],"product_cat":[79,28],"product_tag":[],"class_list":{"0":"post-16083","1":"product","2":"type-product","3":"status-publish","4":"has-post-thumbnail","6":"product_cat-camisetas","7":"product_cat-ropa-para-hombres","9":"first","10":"instock","11":"sold-individually","12":"shipping-taxable","13":"purchasable","14":"product-type-variable"},"_links":{"self":[{"href":"https:\/\/ezshopping.store\/index.php\/wp-json\/wp\/v2\/product\/16083","targetHints":{"allow":["GET"]}}],"collection":[{"href":"https:\/\/ezshopping.store\/index.php\/wp-json\/wp\/v2\/product"}],"about":[{"href":"https:\/\/ezshopping.store\/index.php\/wp-json\/wp\/v2\/types\/product"}],"replies":[{"embeddable":true,"href":"https:\/\/ezshopping.store\/index.php\/wp-json\/wp\/v2\/comments?post=16083"}],"version-history":[{"count":4,"href":"https:\/\/ezshopping.store\/index.php\/wp-json\/wp\/v2\/product\/16083\/revisions"}],"predecessor-version":[{"id":16088,"href":"https:\/\/ezshopping.store\/index.php\/wp-json\/wp\/v2\/product\/16083\/revisions\/16088"}],"wp:featuredmedia":[{"embeddable":true,"href":"https:\/\/ezshopping.store\/index.php\/wp-json\/wp\/v2\/media\/16084"}],"wp:attachment":[{"href":"https:\/\/ezshopping.store\/index.php\/wp-json\/wp\/v2\/media?parent=16083"}],"wp:term":[{"taxonomy":"product_cat","embeddable":true,"href":"https:\/\/ezshopping.store\/index.php\/wp-json\/wp\/v2\/product_cat?post=16083"},{"taxonomy":"product_tag","embeddable":true,"href":"https:\/\/ezshopping.store\/index.php\/wp-json\/wp\/v2\/product_tag?post=16083"}],"curies":[{"name":"wp","href":"https:\/\/api.w.org\/{rel}","templated":true}]}}